{"id":5750,"date":"2025-05-16T13:49:27","date_gmt":"2025-05-16T13:49:27","guid":{"rendered":"https:\/\/wowcreativeideas.com\/?page_id=5750"},"modified":"2025-05-27T07:39:17","modified_gmt":"2025-05-27T07:39:17","slug":"o-que-fazemos-clone-2","status":"publish","type":"page","link":"https:\/\/wowcreativeideas.com\/?page_id=5750","title":{"rendered":"TIPO DE V\u00cdDEOS"},"content":{"rendered":"<div class=\"wpb-content-wrapper\"><p>[vc_row bg_type=&#8221;image&#8221; parallax_style=&#8221;vcpb-default&#8221; bg_image_new=&#8221;id^768|url^https:\/\/wowcreativeideas.com\/wp-content\/uploads\/2025\/01\/agency.jpg|caption^null|alt^null|title^agency.jpg|description^null&#8221; bg_image_repeat=&#8221;no-repeat&#8221; bg_override=&#8221;ex-full&#8221; enable_overlay=&#8221;enable_overlay_value&#8221; overlay_color=&#8221;rgba(28,26,26,0.86)&#8221; seperator_enable=&#8221;seperator_enable_value&#8221; seperator_type=&#8221;tilt_left_seperator&#8221; seperator_position=&#8221;bottom_seperator&#8221; seperator_svg_height=&#8221;150&#8243; seperator_shape_background=&#8221;#ffffff&#8221;][vc_column][vc_empty_space height=&#8221;60px&#8221;]<div class=\"ult-animation  ult-animate-viewport  ult-no-mobile \" data-animate=\"fadeInUp\" data-animation-delay=\"0.3\" data-animation-duration=\"1\" data-animation-iteration=\"1\" style=\"opacity:0;\" data-opacity_start_effect=\"\"><\/div>[vc_empty_space height=&#8221;30px&#8221;]<div class=\"ult-animation  ult-animate-viewport  ult-no-mobile \" data-animate=\"fadeInUp\" data-animation-delay=\"0.3\" data-animation-duration=\"1\" data-animation-iteration=\"1\" style=\"opacity:0;\" data-opacity_start_effect=\"\"><\/div>[vc_empty_space height=&#8221;200px&#8221;][\/vc_column][\/vc_row][vc_row css=&#8221;.vc_custom_1531218125315{padding-top: 80px !important;padding-bottom: 100px !important;}&#8221;][vc_column width=&#8221;1\/2&#8243;]<div class=\"ult-animation  ult-animate-viewport  ult-no-mobile \" data-animate=\"fadeInUp\" data-animation-delay=\"0.3\" data-animation-duration=\"1\" data-animation-iteration=\"1\" style=\"opacity:0;\" data-opacity_start_effect=\"\">[vc_custom_heading text=&#8221;IA SIMPLES E GENERATIVA&#8221; font_container=&#8221;tag:h4|text_align:left&#8221; use_theme_fonts=&#8221;yes&#8221; css=&#8221;&#8221;][vc_empty_space height=&#8221;25px&#8221;][vc_column_text css=&#8221;&#8221;]Produzimos v\u00eddeos com IA simples ou com IA generativa, dependendo de alguns fatores, entre os quais \u2013 sempre \u2013 a vontade do cliente. O que distingue as duas IA?<\/p>\n<p>A <strong>IA simples<\/strong> tem custos reduzidos, j\u00e1 que os recursos usados s\u00e3o mais acess\u00edveis. <strong>As imagens usadas s\u00e3o generalistas<\/strong>. Utilizamos um banco de dados com centenas de milhares de imagens e videoclips que servem de suporte audiovisual para o v\u00eddeo a produzir. Com uma montagem eficaz, m\u00fasica adequada e texto categ\u00f3rico, apresentamos um trabalho distinto e apropriado para a respetiva empresa.<\/p>\n<p>A <strong>IA generativa<\/strong> tem custos um pouco mais elevados, uma vez que cada imagem \u00e9 gerada com recurso a modelos computacionais treinados, que criam, ponto por ponto, fotogramas realistas ou criativos. <strong>As imagens usadas s\u00e3o personalizadas.<\/strong><\/p>\n<p>Ressalve-se que a IA \u00e9 apenas uma ferramenta que usamos para a produ\u00e7\u00e3o dos nossos v\u00eddeos, n\u00e3o dispensando o trabalho criativo humano.[\/vc_column_text]<\/div>[\/vc_column][vc_column width=&#8221;1\/2&#8243;]<div class=\"ult-spacer spacer-69e423ff1d1b1\" data-id=\"69e423ff1d1b1\" data-height=\"0\" data-height-mobile=\"60\" data-height-tab=\"\" data-height-tab-portrait=\"\" data-height-mobile-landscape=\"60\" style=\"clear:both;display:block;\"><\/div><div class=\"ult-animation  ult-animate-viewport  ult-no-mobile \" data-animate=\"fadeInUp\" data-animation-delay=\"0.3\" data-animation-duration=\"1\" data-animation-iteration=\"1\" style=\"opacity:0;\" data-opacity_start_effect=\"\">[vc_custom_heading text=&#8221;UTILIDADE DOS V\u00cdDEOS&#8221; font_container=&#8221;tag:h4|text_align:left&#8221; use_theme_fonts=&#8221;yes&#8221; css=&#8221;&#8221;][vc_empty_space height=&#8221;25px&#8221;][vc_column_text css=&#8221;&#8221;]Ao criarmos um v\u00eddeo para e sobre uma empresa, ou organiza\u00e7\u00e3o, seja de 60 segundos ou de 10 minutos, estamos a fornecer uma ferramenta de promo\u00e7\u00e3o m\u00faltipla. Uma vez alojado no nosso canal do Youtube, o v\u00eddeo pode ser usado, atrav\u00e9s do respetivo link, para inserir nas redes sociais (Facebook, Instagram e LinkedIn), nos sites das empresas, no Youtube, an\u00fancios na imprensa digital, em outdoors e televis\u00f5es regionais ou nacionais.[\/vc_column_text]<\/div>[\/vc_column][\/vc_row]<\/p>\n<\/div>","protected":false},"excerpt":{"rendered":"<p>[vc_row bg_type=&#8221;image&#8221; parallax_style=&#8221;vcpb-default&#8221; bg_image_new=&#8221;id^768|url^https:\/\/wowcreativeideas.com\/wp-content\/uploads\/2025\/01\/agency.jpg|caption^null|alt^null|title^agency.jpg|description^null&#8221; bg_image_repeat=&#8221;no-repeat&#8221; bg_override=&#8221;ex-full&#8221; enable_overlay=&#8221;enable_overlay_value&#8221; overlay_color=&#8221;rgba(28,26,26,0.86)&#8221; seperator_enable=&#8221;seperator_enable_value&#8221; seperator_type=&#8221;tilt_left_seperator&#8221; seperator_position=&#8221;bottom_seperator&#8221; seperator_svg_height=&#8221;150&#8243; seperator_shape_background=&#8221;#ffffff&#8221;][vc_column][vc_empty_space height=&#8221;60px&#8221;][vc_empty_space height=&#8221;30px&#8221;][vc_empty_space height=&#8221;200px&#8221;][\/vc_column][\/vc_row][vc_row css=&#8221;.vc_custom_1531218125315{padding-top: 80px !important;padding-bottom: 100px !important;}&#8221;][vc_column width=&#8221;1\/2&#8243;][\/vc_column][vc_column width=&#8221;1\/2&#8243;][\/vc_column][\/vc_row]<\/p>\n","protected":false},"author":1,"featured_media":0,"parent":0,"menu_order":0,"comment_status":"closed","ping_status":"closed","template":"page.php","meta":{"pagelayer_contact_templates":[],"_pagelayer_content":"","footnotes":""},"class_list":["post-5750","page","type-page","status-publish","hentry"],"_links":{"self":[{"href":"https:\/\/wowcreativeideas.com\/index.php?rest_route=\/wp\/v2\/pages\/5750","targetHints":{"allow":["GET"]}}],"collection":[{"href":"https:\/\/wowcreativeideas.com\/index.php?rest_route=\/wp\/v2\/pages"}],"about":[{"href":"https:\/\/wowcreativeideas.com\/index.php?rest_route=\/wp\/v2\/types\/page"}],"author":[{"embeddable":true,"href":"https:\/\/wowcreativeideas.com\/index.php?rest_route=\/wp\/v2\/users\/1"}],"replies":[{"embeddable":true,"href":"https:\/\/wowcreativeideas.com\/index.php?rest_route=%2Fwp%2Fv2%2Fcomments&post=5750"}],"version-history":[{"count":15,"href":"https:\/\/wowcreativeideas.com\/index.php?rest_route=\/wp\/v2\/pages\/5750\/revisions"}],"predecessor-version":[{"id":6001,"href":"https:\/\/wowcreativeideas.com\/index.php?rest_route=\/wp\/v2\/pages\/5750\/revisions\/6001"}],"wp:attachment":[{"href":"https:\/\/wowcreativeideas.com\/index.php?rest_route=%2Fwp%2Fv2%2Fmedia&parent=5750"}],"curies":[{"name":"wp","href":"https:\/\/api.w.org\/{rel}","templated":true}]}}