{"id":33,"date":"2025-01-06T17:04:19","date_gmt":"2025-01-06T17:04:19","guid":{"rendered":"https:\/\/preview.naapothemes.com\/wp\/kraft\/maindemo\/?page_id=33"},"modified":"2025-05-21T18:44:21","modified_gmt":"2025-05-21T18:44:21","slug":"home-2","status":"publish","type":"page","link":"https:\/\/wowcreativeideas.com\/","title":{"rendered":"Home"},"content":{"rendered":"<div class=\"wpb-content-wrapper\"><p>[vc_row][vc_column]\n\t\t\t\t<p class=\"rs-p-wp-fix\"><\/p>\n\t\t\t\t<sr7-module data-alias=\"HomeBoxTurn\" data-id=\"5\" id=\"SR7_5_1\" class=\"rs-ov-hidden\" data-version=\"6.7.31\">\n\t\t\t\t\t<sr7-adjuster><\/sr7-adjuster>\n\t\t\t\t\t<sr7-content>\n\t\t\t\t\t\t<sr7-slide id=\"SR7_5_1-7\" data-key=\"7\">\n\t\t\t\t\t\t\t<sr7-bg id=\"SR7_5_1-7-3\" class=\"sr7-layer\"><noscript><img decoding=\"async\" src=\"https:\/\/wowcreativeideas.com\/wp-content\/uploads\/2025\/05\/a-Textura-1-1800-MB-scaled.jpg\" alt=\"\" title=\"a-Textura-1-1800-MB\"><\/noscript><\/sr7-bg>\n\t\t\t\t\t\t\t<sr7-txt id=\"SR7_5_1-7-1\" class=\"sr7-layer\">WOW<br\/>\nCREATIVE IDEAS<\/sr7-txt>\n\t\t\t\t\t\t\t<sr7-txt id=\"SR7_5_1-7-2\" class=\"sr7-layer\">Desenvolvemos ideias que prendem o olhar e deixam uma marca na mem\u00f3ria<\/sr7-txt>\n\t\t\t\t\t\t<\/sr7-slide>\n\t\t\t\t\t\t<sr7-slide id=\"SR7_5_1-8\" data-key=\"8\">\n\t\t\t\t\t\t\t<sr7-bg id=\"SR7_5_1-8-3\" class=\"sr7-layer\"><noscript><img decoding=\"async\" src=\"https:\/\/wowcreativeideas.com\/wp-content\/uploads\/2025\/05\/a-folhas-1800-MB-scaled.jpg\" alt=\"\" title=\"The background of green and the color dye of the autumn leaves a\"><\/noscript><\/sr7-bg>\n\t\t\t\t\t\t\t<sr7-txt id=\"SR7_5_1-8-1\" class=\"sr7-layer\">CONSTRUIMOS<br\/>\nSONHOS<\/sr7-txt>\n\t\t\t\t\t\t\t<sr7-txt id=\"SR7_5_1-8-2\" class=\"sr7-layer\">Ideias grandiosas merecem respostas \u00e0 altura. <\/sr7-txt>\n\t\t\t\t\t\t<\/sr7-slide>\n\t\t\t\t\t\t<sr7-slide id=\"SR7_5_1-9\" data-key=\"9\">\n\t\t\t\t\t\t\t<sr7-bg id=\"SR7_5_1-9-3\" class=\"sr7-layer\"><noscript><img decoding=\"async\" src=\"https:\/\/wowcreativeideas.com\/wp-content\/uploads\/2025\/05\/result_chapeu-1600-MB-a-2-scaled.jpg\" alt=\"\" title=\"result_chap\u00e9u-1600-MB-a\"><\/noscript><\/sr7-bg>\n\t\t\t\t\t\t\t<sr7-txt id=\"SR7_5_1-9-1\" class=\"sr7-layer\">TUDO TEM<br\/>\nUMA HIST\u00d3RIA<\/sr7-txt>\n\t\t\t\t\t\t\t<sr7-txt id=\"SR7_5_1-9-2\" class=\"sr7-layer\">Criamos argumentos que fazem a sua marca ter vida em cada ecr\u00e3<\/sr7-txt>\n\t\t\t\t\t\t<\/sr7-slide>\n\t\t\t\t\t\t<sr7-slide id=\"SR7_5_1-19\" data-key=\"19\">\n\t\t\t\t\t\t<\/sr7-slide>\n\t\t\t\t\t<\/sr7-content>\n\t\t\t\t\t<image_lists style=\"display:none\">\n\t\t\t\t\t\t<img data-src=\"\/\/wowcreativeideas.com\/wp-content\/uploads\/2025\/05\/a-Textura-1-1800-MB-scaled.jpg\" data-libid=\"5559\" data-lib=\"medialibrary\" title=\"a-Textura-1-1800-MB\" width=\"0\" height=\"0\" data-dbsrc=\"Ly93b3djcmVhdGl2ZWlkZWFzLmNvbS93cC1jb250ZW50L3VwbG9hZHMvMjAyNS8wNS9hLVRleHR1cmEtMS0xODAwLU1CLXNjYWxlZC5qcGc=\"\/>\n\t\t\t\t\t\t<img data-src=\"\/\/wowcreativeideas.com\/wp-content\/uploads\/2025\/05\/a-folhas-1800-MB-scaled.jpg\" data-libid=\"5560\" data-lib=\"medialibrary\" title=\"The background of green and the color dye of the autumn leaves a\" width=\"0\" height=\"0\" data-dbsrc=\"Ly93b3djcmVhdGl2ZWlkZWFzLmNvbS93cC1jb250ZW50L3VwbG9hZHMvMjAyNS8wNS9hLWZvbGhhcy0xODAwLU1CLXNjYWxlZC5qcGc=\"\/>\n\t\t\t\t\t\t<img data-src=\"\/\/wowcreativeideas.com\/wp-content\/uploads\/2025\/05\/result_chapeu-1600-MB-a-2-scaled.jpg\" data-libid=\"5551\" data-lib=\"medialibrary\" title=\"result_chap\u00e9u-1600-MB-a\" width=\"0\" height=\"0\" data-dbsrc=\"Ly93b3djcmVhdGl2ZWlkZWFzLmNvbS93cC1jb250ZW50L3VwbG9hZHMvMjAyNS8wNS9yZXN1bHRfY2hhcGV1LTE2MDAtTUItYS0yLXNjYWxlZC5qcGc=\"\/>\n\t\t\t\t\t<\/image_lists>\n\t\t\t\t<\/sr7-module>\n\t\t\t\t<script>\n\t\t\t\t\tSR7.PMH ??={}; SR7.PMH[\"SR7_5_1\"] = {cn:100,state:false,fn: function() { if (_tpt!==undefined && _tpt.prepareModuleHeight !== undefined) {  _tpt.prepareModuleHeight({id:\"SR7_5_1\",el:[800,800,768,960,720],type:'standard',shdw:'0',gh:[800,800,768,960,720],gw:[1200,1200,1024,778,480],vpt:['-100px&#039;,&#039;-100px&#039;,&#039;-100px&#039;,&#039;-100px&#039;,&#039;-100px'],size:{fullWidth:true, fullHeight:true},fho:',60px',mh:'0',onh:0,onw:0,bg:{color:'{\"orig\":\"transparent\",\"type\":\"solid\",\"string\":\"transparent\"}'},plType:'-1',plColor:'#aaaaaa'});   SR7.PMH[\"SR7_5_1\"].state=true;} else if(SR7.PMH[\"SR7_5_1\"].cn-->0)\tsetTimeout( SR7.PMH[\"SR7_5_1\"].fn,19);}};SR7.PMH[\"SR7_5_1\" ].fn();\n\t\t\t\t<\/script>\n[\/vc_column][\/vc_row][vc_row css=&#8221;.vc_custom_1598538575000{margin-top: 100px !important;margin-bottom: 100px !important;}&#8221;][vc_column width=&#8221;1\/3&#8243; css=&#8221;.vc_custom_1598537997543{background-color: #ffffff !important;}&#8221;]<div class=\"ult-animation  ult-animate-viewport  ult-no-mobile \" data-animate=\"fadeInUp\" data-animation-delay=\"0.3\" data-animation-duration=\"1\" data-animation-iteration=\"1\" style=\"opacity:0;\" data-opacity_start_effect=\"80\"><div class=\"ult-spacer spacer-69e3f31c66110\" data-id=\"69e3f31c66110\" data-height=\"\" data-height-mobile=\"40\" data-height-tab=\"\" data-height-tab-portrait=\"\" data-height-mobile-landscape=\"40\" style=\"clear:both;display:block;\"><\/div>[vc_custom_heading text=&#8221;01&#8243; font_container=&#8221;tag:h2|font_size:50PX|text_align:center|color:__USE_THEME_MAIN_COLOR__|line_height:1em%20!important&#8221; use_theme_fonts=&#8221;yes&#8221; el_class=&#8221;small-letter-spacing&#8221;][vc_column_text css=&#8221;&#8221;]<\/p>\n<h3 style=\"text-align: center;\">INOVA\u00c7\u00c3O<\/h3>\n<p>Contamos hist\u00f3rias que fazem a sua marca ter vida em cada ecr\u00e3, palavra e imagem. Criamos conte\u00fados para sites que capturam a ess\u00eancia do seu neg\u00f3cio, v\u00eddeos que lan\u00e7am marcas, produtos e servi\u00e7os com impacto e campanhas que d\u00e3o voz a empresas, associa\u00e7\u00f5es e organiza\u00e7\u00f5es de todos os setores. Seja para conquistar novos p\u00fablicos ou refor\u00e7ar a sua presen\u00e7a, transformamos ideias em mensagens que inspiram e geram resultados.[\/vc_column_text]<div class=\"ult-spacer spacer-69e3f31c66133\" data-id=\"69e3f31c66133\" data-height=\"\" data-height-mobile=\"40\" data-height-tab=\"\" data-height-tab-portrait=\"\" data-height-mobile-landscape=\"40\" style=\"clear:both;display:block;\"><\/div><\/div>[\/vc_column][vc_column width=&#8221;1\/3&#8243; css=&#8221;.vc_custom_1598538004479{background-color: #ffffff !important;}&#8221;]<div class=\"ult-spacer spacer-69e3f31c66152\" data-id=\"69e3f31c66152\" data-height=\"\" data-height-mobile=\"40\" data-height-tab=\"\" data-height-tab-portrait=\"\" data-height-mobile-landscape=\"40\" style=\"clear:both;display:block;\"><\/div><div class=\"ult-animation  ult-animate-viewport  ult-no-mobile \" data-animate=\"fadeInUp\" data-animation-delay=\"0.6\" data-animation-duration=\"1\" data-animation-iteration=\"1\" style=\"opacity:0;\" data-opacity_start_effect=\"80\">[vc_custom_heading text=&#8221;02&#8243; font_container=&#8221;tag:h2|font_size:50PX|text_align:center|color:__USE_THEME_MAIN_COLOR__|line_height:1em%20!important&#8221; use_theme_fonts=&#8221;yes&#8221; el_class=&#8221;small-letter-spacing&#8221;][vc_column_text css=&#8221;&#8221;]<\/p>\n<h3 style=\"text-align: center;\">CRIATIVIDADE<\/h3>\n<p>Ideias grandiosas merecem respostas \u00e0 altura. Na Wow Creative Ideas, criamos v\u00eddeos que n\u00e3o s\u00f3 apresentam a sua marca, produto ou servi\u00e7o, como tamb\u00e9m os lan\u00e7am para o mundo com for\u00e7a, emo\u00e7\u00e3o e impacto. Do conceito ao \u00faltimo frame, contamos hist\u00f3rias que prendem o olhar e deixam uma marca na mem\u00f3ria. Seja para apresentar algo novo ou refor\u00e7ar a sua presen\u00e7a no mercado, os nossos v\u00eddeos s\u00e3o feitos para surpreender, envolver e impulsionar.[\/vc_column_text]<div class=\"ult-spacer spacer-69e3f31c661a8\" data-id=\"69e3f31c661a8\" data-height=\"\" data-height-mobile=\"40\" data-height-tab=\"\" data-height-tab-portrait=\"\" data-height-mobile-landscape=\"40\" style=\"clear:both;display:block;\"><\/div><\/div>[\/vc_column][vc_column width=&#8221;1\/3&#8243; css=&#8221;.vc_custom_1598538011799{background-color: #ffffff !important;}&#8221;]<div class=\"ult-spacer spacer-69e3f31c661c2\" data-id=\"69e3f31c661c2\" data-height=\"\" data-height-mobile=\"40\" data-height-tab=\"\" data-height-tab-portrait=\"\" data-height-mobile-landscape=\"40\" style=\"clear:both;display:block;\"><\/div><div class=\"ult-animation  ult-animate-viewport  ult-no-mobile \" data-animate=\"fadeInUp\" data-animation-delay=\"0.9\" data-animation-duration=\"1\" data-animation-iteration=\"1\" style=\"opacity:0;\" data-opacity_start_effect=\"80\">[vc_custom_heading text=&#8221;03&#8243; font_container=&#8221;tag:h2|font_size:50PX|text_align:center|color:__USE_THEME_MAIN_COLOR__|line_height:1em%20!important&#8221; use_theme_fonts=&#8221;yes&#8221; el_class=&#8221;small-letter-spacing&#8221;][vc_column_text css=&#8221;&#8221;]<\/p>\n<h3 style=\"text-align: center;\">QUALIDADE<\/h3>\n<p>Cada empresa tem uma hist\u00f3ria que merece ser contada de forma \u00fanica. Nos v\u00eddeos de charme da Wow Creative Ideas, transformamos a sua ess\u00eancia em narrativas envolventes \u2014 seja com roteiros originais que criamos para si, seja valorizando cada detalhe que j\u00e1 faz parte da sua hist\u00f3ria. Apresentamos a sua marca, produtos ou servi\u00e7os de maneira aut\u00eantica, cativante e memor\u00e1vel, criando uma liga\u00e7\u00e3o emocional verdadeira com o seu p\u00fablico.[\/vc_column_text]<\/div><div class=\"ult-spacer spacer-69e3f31c66203\" data-id=\"69e3f31c66203\" data-height=\"\" data-height-mobile=\"40\" data-height-tab=\"\" data-height-tab-portrait=\"\" data-height-mobile-landscape=\"40\" style=\"clear:both;display:block;\"><\/div>[\/vc_column][\/vc_row][vc_row css=&#8221;.vc_custom_1598539374516{margin-top: -100px !important;background-color: #ffffff !important;}&#8221;][vc_column el_class=&#8221;wide-box-mobile remove-padding-mobile&#8221; css=&#8221;.vc_custom_1600189085872{padding-right: 0px !important;padding-left: 0px !important;}&#8221;][\/vc_column][\/vc_row][vc_row css_animation=&#8221;none&#8221; bg_type=&#8221;image&#8221; parallax_style=&#8221;vcpb-default&#8221; bg_image_new=&#8221;id^5355|url^https:\/\/wowcreativeideas.com\/wp-content\/uploads\/2025\/01\/s3-3.jpg|caption^null|alt^null|title^s3-3|description^null&#8221; bg_image_repeat=&#8221;no-repeat&#8221; bg_override=&#8221;ex-full&#8221; enable_overlay=&#8221;enable_overlay_value&#8221; overlay_color=&#8221;rgba(0,0,0,0.8)&#8221; css=&#8221;.vc_custom_1747152623843{margin-top: -90px !important;padding-top: 100px !important;padding-bottom: 100px !important;}&#8221;][vc_column width=&#8221;1\/2&#8243;]<div class=\"ult-spacer spacer-69e3f31c66215\" data-id=\"69e3f31c66215\" data-height=\"80\" data-height-mobile=\"20\" data-height-tab=\"\" data-height-tab-portrait=\"\" data-height-mobile-landscape=\"20\" style=\"clear:both;display:block;\"><\/div>[vc_custom_heading text=&#8221;FAZEMOS COISAS CRIATIVAS&#8221; font_container=&#8221;tag:h4|text_align:left|color:__USE_THEME_MAIN_COLOR__&#8221; use_theme_fonts=&#8221;yes&#8221; css=&#8221;&#8221;][vc_custom_heading text=&#8221;SERVI\u00c7OS&#8221; font_container=&#8221;tag:h2|font_size:48|text_align:left|color:%23f4f4f4&#8243; use_theme_fonts=&#8221;yes&#8221; css=&#8221;&#8221;][vc_empty_space height=&#8221;20px&#8221;][vc_empty_space height=&#8221;40px&#8221;][vc_column_text css=&#8221;.vc_custom_1747852816595{border-color: __USE_THEME_MAIN_COLOR__ !important;}&#8221;]<span style=\"vertical-align: inherit;\"><span style=\"vertical-align: inherit;\"><span style=\"vertical-align: inherit;\"><span style=\"color: #f4f4f4; vertical-align: inherit;\">Se a sua empresa tem uma hist\u00f3ria para contar, n\u00f3s temos as ideias certas para torn\u00e1-la inesquec\u00edvel. Na Wow Creative Ideas, acreditamos que toda marca merece ser vivida, sentida e celebrada \u2014 e \u00e9 isso que fazemos: criamos conte\u00fado que estimulam, v\u00eddeos que promovem e campanhas que conquistam.<\/span><\/span><\/span><\/span><\/p>\n<p><!--more-->[\/vc_column_text][\/vc_column][vc_column width=&#8221;1\/2&#8243; el_class=&#8221;max-wide-box&#8221;]<div class=\"ult-spacer spacer-69e3f31c66226\" data-id=\"69e3f31c66226\" data-height=\"\" data-height-mobile=\"60\" data-height-tab=\"\" data-height-tab-portrait=\"\" data-height-mobile-landscape=\"60\" style=\"clear:both;display:block;\"><\/div><div class=\"info-wrapper ult-adjust-bottom-margin\"><div id=\"info-circle-wrapper-69e3f31c66255\" data-uniqid=\"69e3f31c66255\" class=\"info-circle-wrapper  info-circle-responsive \" data-half-percentage=\"70\" data-circle-type=\"full-circle\"><div class=\"info-c-full-br\" style='border:1px solid rgba(255,255,255,0.12);width:100%;opacity:0;' data-start-degree=\"90\" data-divert=\"\" data-info-circle-angle=\"full\" data-responsive-circle=\"on\" data-responsive-breakpoint=\"600\" data-launch=\"easeOutBounce\" data-launch-duration=\"1\" data-launch-delay=\"0.2\" data-slide-true=\"on\" data-slide-duration=\"3\" data-icon-size=\"30\" data-icon-show=\"show\" data-icon-show-size=\"60\" data-highlight-style=\"info-circle-pulse\" data-focus-on=\"hover\"><div  class=\"icon-circle-list\"><div class=\"info-circle-icons \" style=\"background:#ffffff;color:#656364;\" ><i class=\"linearicons-palette info-circle-icon\" ><\/i><\/div><div class=\"info-details\" data-icon-class=\"ult-info-circle-icon\"><div class=\"info-circle-def\"><div  class=\"info-circle-sub-def\"><i class=\"linearicons-palette info-circle-icon\" ><\/i><div class=\"responsive-font-class ult-responsive\" ><h3  data-ultimate-target='#info-cirlce-wrap-1912 .responsive-font-class h3.new-cust-responsive-class'  data-responsive-json-new='{\"font-size\":\"desktop:22px;\",\"line-height\":\"desktop:28px;\"}'  class=\"info-circle-heading ult-responsive new-cust-responsive-class\" style=\"font-family:&#039;Dosis&#039;;font-weight:600;\">Cria\u00e7\u00e3o de conte\u00fados<\/h3><div  class=\"info-circle-text \" style=\"font-family:&#039;Open Sans&#039;;font-weight:normal;\">Contamos hist\u00f3rias que fazem a sua marca ter vida em cada ecr\u00e3, palavra e imagem.<\/div><\/div><\/div><\/div><\/div><div class=\"info-circle-icons \" style=\"background:#ffffff;color:#656364;border-style:solid;border-width:1px;border-color:rgba(255,255,255,0.2);\" ><i class=\"linearicons-film-play info-circle-icon\" ><\/i><\/div><div class=\"info-details\" data-icon-class=\"ult-info-circle-icon\"><div class=\"info-circle-def\"><div  class=\"info-circle-sub-def\"><i class=\"linearicons-film-play info-circle-icon\" ><\/i><div class=\"responsive-font-class ult-responsive\" ><h3  data-ultimate-target='#info-cirlce-wrap-1912 .responsive-font-class h3.new-cust-responsive-class'  data-responsive-json-new='{\"font-size\":\"desktop:22px;\",\"line-height\":\"desktop:28px;\"}'  class=\"info-circle-heading ult-responsive new-cust-responsive-class\" style=\"font-family:&#039;Dosis&#039;;font-weight:600;\">V\u00eddeos de promo\u00e7\u00e3o<\/h3><div  class=\"info-circle-text \" style=\"font-family:&#039;Open Sans&#039;;font-weight:normal;\">Criamos v\u00eddeos que refor\u00e7am a sua marca, produto ou servi\u00e7o, com for\u00e7a, emo\u00e7\u00e3o e impacto.<\/div><\/div><\/div><\/div><\/div><div class=\"info-circle-icons \" style=\"background:#ffffff;color:#656364;border-style:solid;border-width:1px;border-color:rgba(255,255,255,0.2);\" ><i class=\"linearicons-bullhorn info-circle-icon\" ><\/i><\/div><div class=\"info-details\" data-icon-class=\"ult-info-circle-icon\"><div class=\"info-circle-def\"><div  class=\"info-circle-sub-def\"><i class=\"linearicons-bullhorn info-circle-icon\" ><\/i><div class=\"responsive-font-class ult-responsive\" ><h3  data-ultimate-target='#info-cirlce-wrap-1912 .responsive-font-class h3.new-cust-responsive-class'  data-responsive-json-new='{\"font-size\":\"desktop:22px;\",\"line-height\":\"desktop:28px;\"}'  class=\"info-circle-heading ult-responsive new-cust-responsive-class\" style=\"font-family:&#039;Dosis&#039;;font-weight:600;\">Campanhas de publicidade<\/h3><div  class=\"info-circle-text \" style=\"font-family:&#039;Open Sans&#039;;font-weight:normal;\">Uma boa campanha n\u00e3o nasce do acaso: \u00e9 constru\u00edda passo a passo, com estrat\u00e9gia, criatividade e paix\u00e3o.<\/div><\/div><\/div><\/div><\/div><div class=\"info-circle-icons \" style=\"background:#ffffff;color:#656364;border-style:solid;border-width:1px;border-color:rgba(255,255,255,0.2);\" ><i class=\"linearicons-camera-play info-circle-icon\" ><\/i><\/div><div class=\"info-details\" data-icon-class=\"ult-info-circle-icon\"><div class=\"info-circle-def\"><div  class=\"info-circle-sub-def\"><i class=\"linearicons-camera-play info-circle-icon\" ><\/i><div class=\"responsive-font-class ult-responsive\" ><h3  data-ultimate-target='#info-cirlce-wrap-1912 .responsive-font-class h3.new-cust-responsive-class'  data-responsive-json-new='{\"font-size\":\"desktop:22px;\",\"line-height\":\"desktop:28px;\"}'  class=\"info-circle-heading ult-responsive new-cust-responsive-class\" style=\"font-family:&#039;Dosis&#039;;font-weight:600;\">V\u00eddeos de charme<\/h3><div  class=\"info-circle-text \" style=\"font-family:&#039;Open Sans&#039;;font-weight:normal;\">Cada empresa tem uma hist\u00f3ria que merece ser contada de forma \u00fanica. Nos v\u00eddeos de charme, transformamos a sua ess\u00eancia em narrativas envolventes<\/div><\/div><\/div><\/div><\/div><div class=\"info-circle-icons \" style=\"background:#ffffff;color:#656364;border-style:solid;border-width:1px;border-color:rgba(255,255,255,0.2);\" ><i class=\"Defaults-retweet info-circle-icon\" ><\/i><\/div><div class=\"info-details\" data-icon-class=\"ult-info-circle-icon\"><div class=\"info-circle-def\"><div  class=\"info-circle-sub-def\"><i class=\"Defaults-retweet info-circle-icon\" ><\/i><div class=\"responsive-font-class ult-responsive\" ><h3  data-ultimate-target='#info-cirlce-wrap-1912 .responsive-font-class h3.new-cust-responsive-class'  data-responsive-json-new='{\"font-size\":\"desktop:22px;\",\"line-height\":\"desktop:28px;\"}'  class=\"info-circle-heading ult-responsive new-cust-responsive-class\" style=\"font-family:&#039;Dosis&#039;;font-weight:600;\">IA simples e generativa<\/h3><div  class=\"info-circle-text \" style=\"font-family:&#039;Open Sans&#039;;font-weight:normal;\">Produzimos v\u00eddeos com IA simples ou com IA generativa, dependendo de alguns fatores, entre os quais \u2013 sempre \u2013 a vontade do cliente.<\/div><\/div><\/div><\/div><\/div><div class=\"info-circle-icons \" style=\"background:#ffffff;color:#656364;\" ><i class=\"Defaults-power-off info-circle-icon\" ><\/i><\/div><div class=\"info-details\" data-icon-class=\"ult-info-circle-icon\"><div class=\"info-circle-def\"><div  class=\"info-circle-sub-def\"><i class=\"Defaults-power-off info-circle-icon\" ><\/i><div class=\"responsive-font-class ult-responsive\" ><h3  data-ultimate-target='#info-cirlce-wrap-1912 .responsive-font-class h3.new-cust-responsive-class'  data-responsive-json-new='{\"font-size\":\"desktop:22px;\",\"line-height\":\"desktop:28px;\"}'  class=\"info-circle-heading ult-responsive new-cust-responsive-class\" style=\"font-family:&#039;Dosis&#039;;font-weight:600;\">Utilidade dos v\u00eddeos<\/h3><div  class=\"info-circle-text \" style=\"font-family:&#039;Open Sans&#039;;font-weight:normal;\">Ao criarmos um v\u00eddeo para e sobre uma empresa, estamos a fornecer uma ferramenta de promo\u00e7\u00e3o m\u00faltipla.<\/div><\/div><\/div><\/div><\/div><\/div><div id=\"info-cirlce-wrap-1912\" class=\"info-c-full\" style=\"background-color:#ffffff;color:#353333;width:70%;height:70%;margin:15%;\"><div class=\"info-c-full-wrap\"><\/div><\/div><\/div><div class=\"smile_icon_list_wrap \" data-content_bg=\"#ffffff\" data-content_color=\"#353333\">\n\t\t\t\t\t\t\t<ul id=\"info-cirlce-wrap-1912\" class=\"smile_icon_list left circle with_bg\"><li class=\"icon_list_item\" style=\"font-size:126px;\">\n\t\t\t\t\t\t\t\t\t<div class=\"icon_list_icon\" style=\"font-size:42px;width:42px;height:42px;line-height:1;\">\n\t\t\t\t\t\t\t\t\t\t<i class=\"smt-pencil\"><\/i>\n\t\t\t\t\t\t\t\t\t<\/div>\n\t\t\t\t\t\t\t\t\t<div  class=\"icon_description\" style=\"font-size:42px;\">\n\t\t\t\t\t\t\t\t\t\t<div class=\"responsive-font-class ult-responsive\"  data-ultimate-target='#info-cirlce-wrap-1912 .responsive-font-class *'  data-responsive-json-new='{\"font-size\":\"desktop:14px;\",\"line-height\":\"desktop:24px;\"}'  style=\"font-family:&#039;Open Sans&#039;;font-weight:normal;\">\n\t\t\t\t\t\t\t\t\t\t\t<h3  data-ultimate-target='#info-cirlce-wrap-1912 .responsive-font-class h3.new-cust-responsive-class'  data-responsive-json-new='{\"font-size\":\"desktop:22px;\",\"line-height\":\"desktop:28px;\"}'  class=\"ult-responsive new-cust-responsive-class\" style=\"font-family:&#039;Dosis&#039;;font-weight:600;\"><\/h3>\n\t\t\t\t\t\t\t\t\t\t\t<p><\/p>\n\t\t\t\t\t\t\t\t\t\t<\/div>\n\t\t\t\t\t\t\t\t\t<\/div>\n\t\t\t\t\t\t\t\t\t<div class=\"icon_list_connector\" style=\" border-style:solid;border-color:rgba(255,255,255,0.12); left:21px; top:42px;\">\n\t\t\t\t\t\t\t\t\t<\/div><\/li><\/ul>\n\t\t\t\t\t\t<\/div><\/div><\/div>[\/vc_column][\/vc_row]<\/p>\n<\/div>","protected":false},"excerpt":{"rendered":"<p>[vc_row][vc_column][\/vc_column][\/vc_row][vc_row css=&#8221;.vc_custom_1598538575000{margin-top: 100px !important;margin-bottom: 100px !important;}&#8221;][vc_column width=&#8221;1\/3&#8243; css=&#8221;.vc_custom_1598537997543{background-color: #ffffff !important;}&#8221;][\/vc_column][vc_column width=&#8221;1\/3&#8243; css=&#8221;.vc_custom_1598538004479{background-color: #ffffff !important;}&#8221;][\/vc_column][vc_column width=&#8221;1\/3&#8243; css=&#8221;.vc_custom_1598538011799{background-color: #ffffff !important;}&#8221;][\/vc_column][\/vc_row][vc_row css=&#8221;.vc_custom_1598539374516{margin-top: -100px !important;background-color: #ffffff !important;}&#8221;][vc_column el_class=&#8221;wide-box-mobile remove-padding-mobile&#8221; css=&#8221;.vc_custom_1600189085872{padding-right: 0px !important;padding-left: 0px !important;}&#8221;][\/vc_column][\/vc_row][vc_row css_animation=&#8221;none&#8221; bg_type=&#8221;image&#8221; parallax_style=&#8221;vcpb-default&#8221; bg_image_new=&#8221;id^5355|url^https:\/\/wowcreativeideas.com\/wp-content\/uploads\/2025\/01\/s3-3.jpg|caption^null|alt^null|title^s3-3|description^null&#8221; bg_image_repeat=&#8221;no-repeat&#8221; bg_override=&#8221;ex-full&#8221; enable_overlay=&#8221;enable_overlay_value&#8221; overlay_color=&#8221;rgba(0,0,0,0.8)&#8221; css=&#8221;.vc_custom_1747152623843{margin-top: -90px !important;padding-top: 100px !important;padding-bottom: 100px !important;}&#8221;][vc_column width=&#8221;1\/2&#8243;][vc_custom_heading text=&#8221;FAZEMOS COISAS CRIATIVAS&#8221; font_container=&#8221;tag:h4|text_align:left|color:__USE_THEME_MAIN_COLOR__&#8221; use_theme_fonts=&#8221;yes&#8221; css=&#8221;&#8221;][vc_custom_heading text=&#8221;SERVI\u00c7OS&#8221; font_container=&#8221;tag:h2|font_size:48|text_align:left|color:%23f4f4f4&#8243; use_theme_fonts=&#8221;yes&#8221; [&hellip;]<\/p>\n","protected":false},"author":2,"featured_media":0,"parent":0,"menu_order":0,"comment_status":"closed","ping_status":"closed","template":"page.php","meta":{"pagelayer_contact_templates":[],"_pagelayer_content":"","footnotes":""},"class_list":["post-33","page","type-page","status-publish","hentry"],"_links":{"self":[{"href":"https:\/\/wowcreativeideas.com\/index.php?rest_route=\/wp\/v2\/pages\/33","targetHints":{"allow":["GET"]}}],"collection":[{"href":"https:\/\/wowcreativeideas.com\/index.php?rest_route=\/wp\/v2\/pages"}],"about":[{"href":"https:\/\/wowcreativeideas.com\/index.php?rest_route=\/wp\/v2\/types\/page"}],"author":[{"embeddable":true,"href":"https:\/\/wowcreativeideas.com\/index.php?rest_route=\/wp\/v2\/users\/2"}],"replies":[{"embeddable":true,"href":"https:\/\/wowcreativeideas.com\/index.php?rest_route=%2Fwp%2Fv2%2Fcomments&post=33"}],"version-history":[{"count":71,"href":"https:\/\/wowcreativeideas.com\/index.php?rest_route=\/wp\/v2\/pages\/33\/revisions"}],"predecessor-version":[{"id":5955,"href":"https:\/\/wowcreativeideas.com\/index.php?rest_route=\/wp\/v2\/pages\/33\/revisions\/5955"}],"wp:attachment":[{"href":"https:\/\/wowcreativeideas.com\/index.php?rest_route=%2Fwp%2Fv2%2Fmedia&parent=33"}],"curies":[{"name":"wp","href":"https:\/\/api.w.org\/{rel}","templated":true}]}}