{"id":318,"date":"2025-01-07T18:24:42","date_gmt":"2025-01-07T18:24:42","guid":{"rendered":"https:\/\/preview.naapothemes.com\/wp\/kraft\/maindemo\/?page_id=318"},"modified":"2025-05-26T14:13:58","modified_gmt":"2025-05-26T14:13:58","slug":"o-que-fazemos","status":"publish","type":"page","link":"https:\/\/wowcreativeideas.com\/?page_id=318","title":{"rendered":"O QUE FAZEMOS"},"content":{"rendered":"<div class=\"wpb-content-wrapper\"><p>[vc_row bg_type=&#8221;image&#8221; parallax_style=&#8221;vcpb-default&#8221; bg_image_new=&#8221;id^768|url^https:\/\/wowcreativeideas.com\/wp-content\/uploads\/2025\/01\/agency.jpg|caption^null|alt^null|title^agency.jpg|description^null&#8221; bg_image_repeat=&#8221;no-repeat&#8221; bg_override=&#8221;ex-full&#8221; enable_overlay=&#8221;enable_overlay_value&#8221; overlay_color=&#8221;rgba(28,26,26,0.86)&#8221; seperator_enable=&#8221;seperator_enable_value&#8221; seperator_type=&#8221;tilt_left_seperator&#8221; seperator_position=&#8221;bottom_seperator&#8221; seperator_svg_height=&#8221;150&#8243; seperator_shape_background=&#8221;#ffffff&#8221;][vc_column][vc_empty_space height=&#8221;60px&#8221;]<div class=\"ult-animation  ult-animate-viewport  ult-no-mobile \" data-animate=\"fadeInUp\" data-animation-delay=\"0.3\" data-animation-duration=\"1\" data-animation-iteration=\"1\" style=\"opacity:0;\" data-opacity_start_effect=\"\"><\/div>[vc_empty_space height=&#8221;30px&#8221;]<div class=\"ult-animation  ult-animate-viewport  ult-no-mobile \" data-animate=\"fadeInUp\" data-animation-delay=\"0.3\" data-animation-duration=\"1\" data-animation-iteration=\"1\" style=\"opacity:0;\" data-opacity_start_effect=\"\"><\/div>[vc_empty_space height=&#8221;200px&#8221;][\/vc_column][\/vc_row][vc_row css=&#8221;.vc_custom_1531218125315{padding-top: 80px !important;padding-bottom: 100px !important;}&#8221;][vc_column width=&#8221;1\/2&#8243;]<div class=\"ult-animation  ult-animate-viewport  ult-no-mobile \" data-animate=\"fadeInUp\" data-animation-delay=\"0.3\" data-animation-duration=\"1\" data-animation-iteration=\"1\" style=\"opacity:0;\" data-opacity_start_effect=\"\">[vc_custom_heading text=&#8221;CRIAMOS V\u00cdDEOS&#8221; font_container=&#8221;tag:h4|text_align:left&#8221; use_theme_fonts=&#8221;yes&#8221; css=&#8221;&#8221;][vc_empty_space height=&#8221;25px&#8221;][vc_column_text css=&#8221;&#8221;]Com recursos da IA, criamos v\u00eddeos \u00e0 medida para cada empresa, ou organiza\u00e7\u00e3o, a pre\u00e7os competitivos. Fazemos videoclipes promocionais (m\u00ednimo de 60 segundos) e v\u00eddeos de charme (at\u00e9 45 minutos). Produzimos v\u00eddeos com IA simples ou com IA generativa.<\/p>\n<p>Todos os v\u00eddeos s\u00e3o exibidos no Youtube, no nosso canal Wow Galeria.[\/vc_column_text]<\/div>[\/vc_column][vc_column width=&#8221;1\/2&#8243;]<div class=\"ult-spacer spacer-69e40c888eead\" data-id=\"69e40c888eead\" data-height=\"0\" data-height-mobile=\"60\" data-height-tab=\"\" data-height-tab-portrait=\"\" data-height-mobile-landscape=\"60\" style=\"clear:both;display:block;\"><\/div><div class=\"ult-animation  ult-animate-viewport  ult-no-mobile \" data-animate=\"fadeInUp\" data-animation-delay=\"0.3\" data-animation-duration=\"1\" data-animation-iteration=\"1\" style=\"opacity:0;\" data-opacity_start_effect=\"\">[vc_custom_heading text=&#8221;CONTAMOS HIST\u00d3RIAS&#8221; font_container=&#8221;tag:h4|text_align:left&#8221; use_theme_fonts=&#8221;yes&#8221; css=&#8221;&#8221;][vc_empty_space height=&#8221;25px&#8221;][vc_column_text css=&#8221;&#8221;]Cada empresa tem a sua personalidade, o seu ADN, a sua hist\u00f3ria. A Wow Creative Ideas reconhece este diferencial. Um dos nossos principais servi\u00e7os \u00e9 criarmos hist\u00f3rias ajustadas para cada empresa e\/ou marca, em suporte audiovisual. Al\u00e9m de fazer brilhar as virtudes e as funcionalidades de um produto ou servi\u00e7o, escrevemos ou reescrevemos uma hist\u00f3ria associada que a todos transporta para um universo m\u00e1gico.[\/vc_column_text]<\/div>[\/vc_column][\/vc_row]<\/p>\n<\/div>","protected":false},"excerpt":{"rendered":"<p>[vc_row bg_type=&#8221;image&#8221; parallax_style=&#8221;vcpb-default&#8221; bg_image_new=&#8221;id^768|url^https:\/\/wowcreativeideas.com\/wp-content\/uploads\/2025\/01\/agency.jpg|caption^null|alt^null|title^agency.jpg|description^null&#8221; bg_image_repeat=&#8221;no-repeat&#8221; bg_override=&#8221;ex-full&#8221; enable_overlay=&#8221;enable_overlay_value&#8221; overlay_color=&#8221;rgba(28,26,26,0.86)&#8221; seperator_enable=&#8221;seperator_enable_value&#8221; seperator_type=&#8221;tilt_left_seperator&#8221; seperator_position=&#8221;bottom_seperator&#8221; seperator_svg_height=&#8221;150&#8243; seperator_shape_background=&#8221;#ffffff&#8221;][vc_column][vc_empty_space height=&#8221;60px&#8221;][vc_empty_space height=&#8221;30px&#8221;][vc_empty_space height=&#8221;200px&#8221;][\/vc_column][\/vc_row][vc_row css=&#8221;.vc_custom_1531218125315{padding-top: 80px !important;padding-bottom: 100px !important;}&#8221;][vc_column width=&#8221;1\/2&#8243;][\/vc_column][vc_column width=&#8221;1\/2&#8243;][\/vc_column][\/vc_row]<\/p>\n","protected":false},"author":2,"featured_media":0,"parent":0,"menu_order":0,"comment_status":"closed","ping_status":"closed","template":"page.php","meta":{"pagelayer_contact_templates":[],"_pagelayer_content":"","footnotes":""},"class_list":["post-318","page","type-page","status-publish","hentry"],"_links":{"self":[{"href":"https:\/\/wowcreativeideas.com\/index.php?rest_route=\/wp\/v2\/pages\/318","targetHints":{"allow":["GET"]}}],"collection":[{"href":"https:\/\/wowcreativeideas.com\/index.php?rest_route=\/wp\/v2\/pages"}],"about":[{"href":"https:\/\/wowcreativeideas.com\/index.php?rest_route=\/wp\/v2\/types\/page"}],"author":[{"embeddable":true,"href":"https:\/\/wowcreativeideas.com\/index.php?rest_route=\/wp\/v2\/users\/2"}],"replies":[{"embeddable":true,"href":"https:\/\/wowcreativeideas.com\/index.php?rest_route=%2Fwp%2Fv2%2Fcomments&post=318"}],"version-history":[{"count":12,"href":"https:\/\/wowcreativeideas.com\/index.php?rest_route=\/wp\/v2\/pages\/318\/revisions"}],"predecessor-version":[{"id":5999,"href":"https:\/\/wowcreativeideas.com\/index.php?rest_route=\/wp\/v2\/pages\/318\/revisions\/5999"}],"wp:attachment":[{"href":"https:\/\/wowcreativeideas.com\/index.php?rest_route=%2Fwp%2Fv2%2Fmedia&parent=318"}],"curies":[{"name":"wp","href":"https:\/\/api.w.org\/{rel}","templated":true}]}}